{"id":17058,"date":"2025-11-12T14:32:03","date_gmt":"2025-11-12T13:32:03","guid":{"rendered":"https:\/\/sportogspill.online\/nfm\/?page_id=17058"},"modified":"2026-03-30T10:20:58","modified_gmt":"2026-03-30T08:20:58","slug":"leie-pa-noil","status":"publish","type":"page","link":"https:\/\/sportogspill.online\/nfm\/leie-pa-noil\/","title":{"rendered":"Leie p\u00e5 NOIL"},"content":{"rendered":"\n<p>\u00d8nsker du \u00e5 leie NOIL-huset, grillhytta eller NOIL-banen? Her ser du tilgjengelighet, og har mulighet til \u00e5 sende henvendelse. <\/p>\n\n\n\n<div class=\"wp-block-columns is-layout-flex wp-container-core-columns-is-layout-9d6595d7 wp-block-columns-is-layout-flex\">\n<div class=\"wp-block-column is-layout-flow wp-block-column-is-layout-flow\" style=\"flex-basis:33.33%\"><div class='fluentform ff-default fluentform_wrapper_32 ffs_default_wrap'><form data-form_id=\"32\" id=\"fluentform_32\" class=\"frm-fluent-form fluent_form_32 ff-el-form-top ff_form_instance_32_1 ff-form-loading ffs_default\" data-form_instance=\"ff_form_instance_32_1\" method=\"POST\" ><fieldset  style=\"border: none!important;margin: 0!important;padding: 0!important;background-color: transparent!important;box-shadow: none!important;outline: none!important; min-inline-size: 100%;\">\n                    <legend class=\"ff_screen_reader_title\" style=\"display: block; margin: 0!important;padding: 0!important;height: 0!important;text-indent: -999999px;width: 0!important;overflow:hidden;\">Leie NOIL<\/legend><input type='hidden' name='__fluent_form_embded_post_id' value='17058' \/><input type=\"hidden\" id=\"_fluentform_32_fluentformnonce\" name=\"_fluentform_32_fluentformnonce\" value=\"ec4d19b882\" \/><input type=\"hidden\" name=\"_wp_http_referer\" value=\"\/nfm\/wp-json\/wp\/v2\/pages\/17058\" \/><div data-type=\"name-element\" data-name=\"names\" class=\" ff-field_container ff-name-field-wrapper\" ><div class='ff-t-container'><div class='ff-t-cell '><div class='ff-el-group ff-el-form-top'><div class=\"ff-el-input--label ff-el-is-required asterisk-right\"><label for='ff_32_names_first_name_' id='label_ff_32_names_first_name_' >Navn<\/label><\/div><div class='ff-el-input--content'><input type=\"text\" name=\"names[first_name]\" id=\"ff_32_names_first_name_\" class=\"ff-el-form-control\" placeholder=\"Skriv ditt navn\" aria-invalid=\"false\" aria-required=true><\/div><\/div><\/div><\/div><\/div><div class='ff-el-group'><div class=\"ff-el-input--label ff-el-is-required asterisk-right\"><label for='ff_32_email' id='label_ff_32_email' aria-label=\"E-post\">E-post<\/label><\/div><div class='ff-el-input--content'><input type=\"email\" name=\"email\" id=\"ff_32_email\" class=\"ff-el-form-control\" placeholder=\"E-post\" data-name=\"email\"  aria-invalid=\"false\" aria-required=true><\/div><\/div><div class='ff-el-group'><div class=\"ff-el-input--label asterisk-right\"><label for='ff_32_numeric_field' id='label_ff_32_numeric_field' aria-label=\"Telefonnr.:\">Telefonnr.:<\/label><\/div><div class='ff-el-input--content'><input type=\"number\" name=\"numeric_field\" id=\"ff_32_numeric_field\" class=\"ff-el-form-control\" data-name=\"numeric_field\" inputmode=\"numeric\" step=\"any\"  aria-invalid=\"false\" aria-required=false><\/div><\/div><div class='ff-el-group'><div class=\"ff-el-input--label ff-el-is-required asterisk-right\"><label   aria-label=\"Foresp\u00f8rsel leie av:\">Foresp\u00f8rsel leie av:<\/label><\/div><div class='ff-el-input--content'><div class='ff-el-form-check ff-el-form-check-'><label class='ff-el-form-check-label' for='checkbox_d3b2877ecc462331cab8f605af034e77'><input  type=\"checkbox\" name=\"checkbox[]\" data-name=\"checkbox\" class=\"ff-el-form-check-input ff-el-form-check-checkbox\" value=\"Storsal, kj\u00f8kken og garderober fredag til s\u00f8ndag (4500,-)\"  id='checkbox_d3b2877ecc462331cab8f605af034e77' aria-label='Storsal, kj\u00f8kken og garderober fredag til s\u00f8ndag (4500,-)' aria-invalid='false' aria-required=true> <span>Storsal, kj\u00f8kken og garderober fredag til s\u00f8ndag (4500,-)<\/span><\/label><\/div><div class='ff-el-form-check ff-el-form-check-'><label class='ff-el-form-check-label' for='checkbox_6ad998bf169244d7a1e6e7c452301237'><input  type=\"checkbox\" name=\"checkbox[]\" data-name=\"checkbox\" class=\"ff-el-form-check-input ff-el-form-check-checkbox\" value=\"Begge etasjer dag (3800,-)\"  id='checkbox_6ad998bf169244d7a1e6e7c452301237' aria-label='Begge etasjer dag (3800,-)' aria-invalid='false' aria-required=true> <span>Begge etasjer dag (3800,-)<\/span><\/label><\/div><div class='ff-el-form-check ff-el-form-check-'><label class='ff-el-form-check-label' for='checkbox_ce2d1875f5bda75fd84786ff05c6d4e5'><input  type=\"checkbox\" name=\"checkbox[]\" data-name=\"checkbox\" class=\"ff-el-form-check-input ff-el-form-check-checkbox\" value=\"Storsal, kj\u00f8kken dag\/kveld (1800,-)\"  id='checkbox_ce2d1875f5bda75fd84786ff05c6d4e5' aria-label='Storsal, kj\u00f8kken dag\/kveld (1800,-)' aria-invalid='false' aria-required=true> <span>Storsal, kj\u00f8kken dag\/kveld (1800,-)<\/span><\/label><\/div><div class='ff-el-form-check ff-el-form-check-'><label class='ff-el-form-check-label' for='checkbox_89f1fc2e671a9355567731503a0d3bb9'><input  type=\"checkbox\" name=\"checkbox[]\" data-name=\"checkbox\" class=\"ff-el-form-check-input ff-el-form-check-checkbox\" value=\"2. etasje med tilgang kj\u00f8kken (1300,-)\"  id='checkbox_89f1fc2e671a9355567731503a0d3bb9' aria-label='2. etasje med tilgang kj\u00f8kken (1300,-)' aria-invalid='false' aria-required=true> <span>2. etasje med tilgang kj\u00f8kken (1300,-)<\/span><\/label><\/div><div class='ff-el-form-check ff-el-form-check-'><label class='ff-el-form-check-label' for='checkbox_689680a91303b9f7ec792724992739ae'><input  type=\"checkbox\" name=\"checkbox[]\" data-name=\"checkbox\" class=\"ff-el-form-check-input ff-el-form-check-checkbox\" value=\"Grillhytte (medlem i NOIL)\"  id='checkbox_689680a91303b9f7ec792724992739ae' aria-label='Grillhytte (medlem i NOIL)' aria-invalid='false' aria-required=true> <span>Grillhytte (medlem i NOIL)<\/span><\/label><\/div><div class='ff-el-form-check ff-el-form-check-'><label class='ff-el-form-check-label' for='checkbox_e182b083f687c10efae69a31a300fcc5'><input  type=\"checkbox\" name=\"checkbox[]\" data-name=\"checkbox\" class=\"ff-el-form-check-input ff-el-form-check-checkbox\" value=\"Fotballbane (0,- i 2026)\"  id='checkbox_e182b083f687c10efae69a31a300fcc5' aria-label='Fotballbane (0,- i 2026)' aria-invalid='false' aria-required=true> <span>Fotballbane (0,- i 2026)<\/span><\/label><\/div><\/div><\/div><div class='ff-el-group'><div class=\"ff-el-input--label ff-el-is-required asterisk-right\"><label for='ff_32_datetime' id='label_ff_32_datetime' aria-label=\"Leie fra:\">Leie fra:<\/label><\/div><div class='ff-el-input--content'><input  aria-label='Leie fra: Use arrow keys to navigate dates. Press enter to select a date.'  aria-haspopup='dialog' data-type-datepicker data-format='d\/m\/Y H:i' type=\"text\" name=\"datetime\" id=\"ff_32_datetime\" class=\"ff-el-form-control ff-el-datepicker\" data-name=\"datetime\"  aria-invalid='false' aria-required=true><\/div><\/div><div class='ff-el-group'><div class=\"ff-el-input--label ff-el-is-required asterisk-right\"><label for='ff_32_datetime_1' id='label_ff_32_datetime_1' aria-label=\"Leie til:\">Leie til:<\/label><\/div><div class='ff-el-input--content'><input  aria-label='Leie til: Use arrow keys to navigate dates. Press enter to select a date.'  aria-haspopup='dialog' data-type-datepicker data-format='d\/m\/Y H:i' type=\"text\" name=\"datetime_1\" id=\"ff_32_datetime_1\" class=\"ff-el-form-control ff-el-datepicker\" data-name=\"datetime_1\"  aria-invalid='false' aria-required=true><\/div><\/div><div class='ff-el-group'><div class=\"ff-el-input--label asterisk-right\"><label for='ff_32_description' id='label_ff_32_description' aria-label=\"Eventuell tilleggsinfo:\">Eventuell tilleggsinfo:<\/label><\/div><div class='ff-el-input--content'><textarea aria-required=\"false\" aria-labelledby=\"label_ff_32_description\" name=\"description\" id=\"ff_32_description\" class=\"ff-el-form-control\" rows=\"3\" cols=\"2\" data-name=\"description\" ><\/textarea><\/div><\/div><div class='ff-el-group ff-text-left ff_submit_btn_wrapper'><button type=\"submit\" class=\"ff-btn ff-btn-submit ff-btn-md ff_btn_style\"  aria-label=\"Send inn\">Send inn<\/button><\/div><\/fieldset><\/form><div id='fluentform_32_errors' class='ff-errors-in-stack ff_form_instance_32_1 ff-form-loading_errors ff_form_instance_32_1_errors'><\/div><\/div>            <script type=\"text\/javascript\">\n                window.fluent_form_ff_form_instance_32_1 = {\"id\":\"32\",\"ajaxUrl\":\"https:\\\/\\\/sportogspill.online\\\/nfm\\\/wp-admin\\\/admin-ajax.php\",\"settings\":{\"layout\":{\"labelPlacement\":\"top\",\"asteriskPlacement\":\"asterisk-right\",\"helpMessagePlacement\":\"with_label\",\"errorMessagePlacement\":\"inline\",\"cssClassName\":\"\"},\"restrictions\":{\"denyEmptySubmission\":{\"enabled\":false}}},\"form_instance\":\"ff_form_instance_32_1\",\"form_id_selector\":\"fluentform_32\",\"rules\":{\"names[first_name]\":{\"required\":{\"value\":true,\"message\":\"This field is required\",\"global_message\":\"This field is required\",\"global\":true}},\"names[middle_name]\":{\"required\":{\"value\":false,\"message\":\"This field is required\",\"global_message\":\"This field is required\",\"global\":true}},\"names[last_name]\":{\"required\":{\"value\":false,\"message\":\"This field is required\",\"global_message\":\"This field is required\",\"global\":true}},\"email\":{\"required\":{\"value\":true,\"message\":\"This field is required\",\"global_message\":\"This field is required\",\"global\":true},\"email\":{\"value\":true,\"message\":\"This field must contain a valid email\",\"global_message\":\"This field must contain a valid email\",\"global\":true}},\"numeric_field\":{\"required\":{\"value\":false,\"message\":\"This field is required\",\"global_message\":\"This field is required\",\"global\":true},\"numeric\":{\"value\":true,\"message\":\"This field must contain numeric value\",\"global_message\":\"This field must contain numeric value\",\"global\":true},\"min\":{\"value\":\"\",\"message\":\"Validation fails for minimum value\",\"global_message\":\"Validation fails for minimum value\",\"global\":true},\"max\":{\"value\":\"\",\"message\":\"Validation fails for maximum value\",\"global_message\":\"Validation fails for maximum value\",\"global\":true},\"digits\":{\"value\":\"8\",\"message\":\"Validation fails for limited digits\",\"global_message\":\"Validation fails for limited digits\",\"global\":true}},\"checkbox\":{\"required\":{\"value\":true,\"message\":\"This field is required\",\"global_message\":\"This field is required\",\"global\":true}},\"datetime\":{\"required\":{\"value\":true,\"message\":\"This field is required\",\"global_message\":\"This field is required\",\"global\":true}},\"datetime_1\":{\"required\":{\"value\":true,\"message\":\"This field is required\",\"global_message\":\"This field is required\",\"global\":true}},\"description\":{\"required\":{\"value\":false,\"message\":\"This field is required\",\"global_message\":\"This field is required\",\"global\":true}}},\"debounce_time\":300};\n                            <\/script>\n            \n<\/div>\n\n\n\n<div class=\"wp-block-column is-layout-flow wp-block-column-is-layout-flow\" style=\"flex-basis:66.66%\">\n<h4 class=\"wp-block-heading\">Klubbhus<\/h4>\n\n\n<p><iframe loading=\"lazy\" src=\"https:\/\/calendar.google.com\/calendar\/embed?height=600&#038;wkst=2&#038;ctz=Europe%2FOslo&#038;showPrint=0&#038;src=bGlqamI1cDI4aXByMzBoZjd0MjhuMDdyNXNAZ3JvdXAuY2FsZW5kYXIuZ29vZ2xlLmNvbQ&#038;src=bm8ubm9yd2VnaWFuI2hvbGlkYXlAZ3JvdXAudi5jYWxlbmRhci5nb29nbGUuY29t&#038;color=%239e69af&#038;color=%230b8043\" style=\"border:solid 1px #777\" width=\"800\" height=\"600\" frameborder=\"0\" scrolling=\"no\"><\/iframe><\/p>\n\n\n\n<h3 class=\"wp-block-heading\">2. etasje\/Loft:<\/h3>\n\n\n<p><iframe loading=\"lazy\" src=\"https:\/\/calendar.google.com\/calendar\/embed?src=072c2c6189530546dc80949b225814ec785086b7e209508a9bdf389097b34663%40group.calendar.google.com&#038;ctz=Europe%2FOslo\" style=\"border: 0\" width=\"800\" height=\"600\" frameborder=\"0\" scrolling=\"no\"><\/iframe><\/p>\n\n\n\n<h4 class=\"wp-block-heading\">Grillhytte<\/h4>\n\n\n<p><iframe loading=\"lazy\" src=\"https:\/\/calendar.google.com\/calendar\/embed?height=600&#038;wkst=2&#038;ctz=Europe%2FOslo&#038;showPrint=0&#038;src=ZXQ2MjdhNDE2MDVsOGN1MWZhNHRjbW1rbGdAZ3JvdXAuY2FsZW5kYXIuZ29vZ2xlLmNvbQ&#038;src=bm8ubm9yd2VnaWFuI2hvbGlkYXlAZ3JvdXAudi5jYWxlbmRhci5nb29nbGUuY29t&#038;color=%23616161&#038;color=%230b8043\" style=\"border:solid 1px #777\" width=\"800\" height=\"600\" frameborder=\"0\" scrolling=\"no\"><\/iframe><\/p>\n\n\n\n<h4 class=\"wp-block-heading\">Fotballbane<\/h4>\n\n\n<p><iframe loading=\"lazy\" src=\"https:\/\/calendar.google.com\/calendar\/embed?height=600&#038;wkst=2&#038;ctz=Europe%2FOslo&#038;showPrint=0&#038;src=ZDdlNTFhYWY5YWQxNjM2NjY2MjU5NzNlZmIzOGJkZDdkNjk3NDNmZDg3NTI1MjRiY2EzMTBhNWFkYTk1YjllYkBncm91cC5jYWxlbmRhci5nb29nbGUuY29t&#038;src=bm8ubm9yd2VnaWFuI2hvbGlkYXlAZ3JvdXAudi5jYWxlbmRhci5nb29nbGUuY29t&#038;color=%23d81b60&#038;color=%230b8043\" style=\"border:solid 1px #777\" width=\"800\" height=\"600\" frameborder=\"0\" scrolling=\"no\"><\/iframe><\/p>\n<\/div>\n<\/div>\n","protected":false},"excerpt":{"rendered":"<p>\u00d8nsker du \u00e5 leie NOIL-huset, grillhytta eller NOIL-banen? Her ser du tilgjengelighet, og har mulighet til \u00e5 sende henvendelse. Klubbhus 2. etasje\/Loft: Grillhytte Fotballbane<\/p>\n","protected":false},"author":1,"featured_media":0,"parent":0,"menu_order":0,"comment_status":"closed","ping_status":"closed","template":"template-fullwidth.php","meta":{"footnotes":""},"class_list":["post-17058","page","type-page","status-publish","hentry"],"_links":{"self":[{"href":"https:\/\/sportogspill.online\/nfm\/wp-json\/wp\/v2\/pages\/17058","targetHints":{"allow":["GET"]}}],"collection":[{"href":"https:\/\/sportogspill.online\/nfm\/wp-json\/wp\/v2\/pages"}],"about":[{"href":"https:\/\/sportogspill.online\/nfm\/wp-json\/wp\/v2\/types\/page"}],"author":[{"embeddable":true,"href":"https:\/\/sportogspill.online\/nfm\/wp-json\/wp\/v2\/users\/1"}],"replies":[{"embeddable":true,"href":"https:\/\/sportogspill.online\/nfm\/wp-json\/wp\/v2\/comments?post=17058"}],"version-history":[{"count":6,"href":"https:\/\/sportogspill.online\/nfm\/wp-json\/wp\/v2\/pages\/17058\/revisions"}],"predecessor-version":[{"id":17096,"href":"https:\/\/sportogspill.online\/nfm\/wp-json\/wp\/v2\/pages\/17058\/revisions\/17096"}],"wp:attachment":[{"href":"https:\/\/sportogspill.online\/nfm\/wp-json\/wp\/v2\/media?parent=17058"}],"curies":[{"name":"wp","href":"https:\/\/api.w.org\/{rel}","templated":true}]}}