{"id":3733,"date":"2020-03-23T12:20:01","date_gmt":"2020-03-23T11:20:01","guid":{"rendered":"http:\/\/sportogspill.online\/nfm\/?page_id=3733"},"modified":"2024-11-14T06:03:07","modified_gmt":"2024-11-14T05:03:07","slug":"siste-nytt","status":"publish","type":"page","link":"https:\/\/sportogspill.online\/nfm\/","title":{"rendered":"tess"},"content":{"rendered":"<div class=\"pt-cv-wrapper\"><div class=\"pt-cv-view pt-cv-grid pt-cv-colsys\" id=\"pt-cv-view-4b210bcaoq\"><div data-id=\"pt-cv-page-1\" class=\"pt-cv-page\" data-cvc=\"1\"><div class=\"col-md-12 col-sm-12 col-xs-12 pt-cv-content-item pt-cv-2-col\" ><div class='pt-cv-ifield'><a href=\"https:\/\/sportogspill.online\/nfm\/meldingssystem-forelopig-ute-av-drift\/\" class=\"_self pt-cv-href-thumbnail pt-cv-thumb-left\" target=\"_self\" ><img loading=\"lazy\" decoding=\"async\" width=\"300\" height=\"166\" src=\"https:\/\/sportogspill.online\/nfm\/wp-content\/uploads\/2024\/12\/Skjermbilde-1-300x166.png\" class=\"pt-cv-thumbnail pull-left\" alt=\"\" srcset=\"https:\/\/sportogspill.online\/nfm\/wp-content\/uploads\/2024\/12\/Skjermbilde-1-300x166.png 300w, https:\/\/sportogspill.online\/nfm\/wp-content\/uploads\/2024\/12\/Skjermbilde-1-1024x566.png 1024w, https:\/\/sportogspill.online\/nfm\/wp-content\/uploads\/2024\/12\/Skjermbilde-1-768x424.png 768w, https:\/\/sportogspill.online\/nfm\/wp-content\/uploads\/2024\/12\/Skjermbilde-1.png 1377w\" sizes=\"auto, (max-width: 300px) 100vw, 300px\" \/><\/a>\n<h4 class=\"pt-cv-title\"><a href=\"https:\/\/sportogspill.online\/nfm\/meldingssystem-forelopig-ute-av-drift\/\" class=\"_self\" target=\"_self\" >Meldingssystem forel\u00f8pig ute av drift<\/a><\/h4>\n<div class=\"pt-cv-content\">Vi har dessverre slitt med malware en lengre periode, og det viser seg at det er meldingssystemet som for\u00e5rsaker problemet ...<br \/><div class=\"pt-cv-rmwrap\"><a href=\"https:\/\/sportogspill.online\/nfm\/meldingssystem-forelopig-ute-av-drift\/\" class=\"_self pt-cv-readmore btn btn-success\" target=\"_self\">Les Mer\u2026<\/a><\/div><\/div><\/div><\/div>\n<div class=\"col-md-12 col-sm-12 col-xs-12 pt-cv-content-item pt-cv-2-col\" ><div class='pt-cv-ifield'><a href=\"https:\/\/sportogspill.online\/nfm\/veiledninger-lagt-ut\/\" class=\"_self pt-cv-href-thumbnail pt-cv-thumb-left\" target=\"_self\" ><img loading=\"lazy\" decoding=\"async\" width=\"300\" height=\"153\" src=\"https:\/\/sportogspill.online\/nfm\/wp-content\/uploads\/2024\/12\/Skjermbilde-300x153.png\" class=\"pt-cv-thumbnail pull-left\" alt=\"\" srcset=\"https:\/\/sportogspill.online\/nfm\/wp-content\/uploads\/2024\/12\/Skjermbilde-300x153.png 300w, https:\/\/sportogspill.online\/nfm\/wp-content\/uploads\/2024\/12\/Skjermbilde-1024x523.png 1024w, https:\/\/sportogspill.online\/nfm\/wp-content\/uploads\/2024\/12\/Skjermbilde-768x392.png 768w, https:\/\/sportogspill.online\/nfm\/wp-content\/uploads\/2024\/12\/Skjermbilde.png 1050w\" sizes=\"auto, (max-width: 300px) 100vw, 300px\" \/><\/a>\n<h4 class=\"pt-cv-title\"><a href=\"https:\/\/sportogspill.online\/nfm\/veiledninger-lagt-ut\/\" class=\"_self\" target=\"_self\" >Veiledninger lagt ut<\/a><\/h4>\n<div class=\"pt-cv-content\">S\u00e5 er brukerveiledning til hva lagleder\/lag kan og m\u00e5 gj\u00f8re ved deltakelse i Bygdeligaen. Vi h\u00e5per konseptet vil v\u00e6re enkelt ...<br \/><div class=\"pt-cv-rmwrap\"><a href=\"https:\/\/sportogspill.online\/nfm\/veiledninger-lagt-ut\/\" class=\"_self pt-cv-readmore btn btn-success\" target=\"_self\">Les Mer\u2026<\/a><\/div><\/div><\/div><\/div>\n<div class=\"col-md-12 col-sm-12 col-xs-12 pt-cv-content-item pt-cv-2-col\" ><div class='pt-cv-ifield'><a href=\"https:\/\/sportogspill.online\/nfm\/seriestart-i-mai\/\" class=\"_self pt-cv-href-thumbnail pt-cv-thumb-left\" target=\"_self\" ><img loading=\"lazy\" decoding=\"async\" width=\"300\" height=\"200\" src=\"https:\/\/sportogspill.online\/nfm\/wp-content\/uploads\/2024\/11\/kalender-300x200.jpg\" class=\"pt-cv-thumbnail pull-left\" alt=\"\" srcset=\"https:\/\/sportogspill.online\/nfm\/wp-content\/uploads\/2024\/11\/kalender-300x200.jpg 300w, https:\/\/sportogspill.online\/nfm\/wp-content\/uploads\/2024\/11\/kalender.jpg 600w\" sizes=\"auto, (max-width: 300px) 100vw, 300px\" \/><\/a>\n<h4 class=\"pt-cv-title\"><a href=\"https:\/\/sportogspill.online\/nfm\/seriestart-i-mai\/\" class=\"_self\" target=\"_self\" >Seriestart i Mai<\/a><\/h4>\n<div class=\"pt-cv-content\">S\u00e5 er hovedterminlisten klar, og avspark for sesongen er satt til 14. Mai. Datoene i hovedterminlisten er ikke definitive datoer, ...<br \/><div class=\"pt-cv-rmwrap\"><a href=\"https:\/\/sportogspill.online\/nfm\/seriestart-i-mai\/\" class=\"_self pt-cv-readmore btn btn-success\" target=\"_self\">Les Mer\u2026<\/a><\/div><\/div><\/div><\/div>\n<div class=\"col-md-12 col-sm-12 col-xs-12 pt-cv-content-item pt-cv-2-col\" ><div class='pt-cv-ifield'><a href=\"https:\/\/sportogspill.online\/nfm\/serieoppsett-klart\/\" class=\"_self pt-cv-href-thumbnail pt-cv-thumb-left\" target=\"_self\" ><img loading=\"lazy\" decoding=\"async\" width=\"300\" height=\"117\" src=\"https:\/\/sportogspill.online\/nfm\/wp-content\/uploads\/2024\/11\/Skjermbilde-2024-11-20-215934-300x117.png\" class=\"pt-cv-thumbnail pull-left\" alt=\"\" srcset=\"https:\/\/sportogspill.online\/nfm\/wp-content\/uploads\/2024\/11\/Skjermbilde-2024-11-20-215934-300x117.png 300w, https:\/\/sportogspill.online\/nfm\/wp-content\/uploads\/2024\/11\/Skjermbilde-2024-11-20-215934-768x299.png 768w, https:\/\/sportogspill.online\/nfm\/wp-content\/uploads\/2024\/11\/Skjermbilde-2024-11-20-215934.png 808w\" sizes=\"auto, (max-width: 300px) 100vw, 300px\" \/><\/a>\n<h4 class=\"pt-cv-title\"><a href=\"https:\/\/sportogspill.online\/nfm\/serieoppsett-klart\/\" class=\"_self\" target=\"_self\" >Serieoppsett klart<\/a><\/h4>\n<div class=\"pt-cv-content\">S\u00e5 er formatet for Bygdeligaens f\u00f8rste sesong spikret, og forh\u00e5pentlig vil alle p\u00e5meldte lag ha spenning gjennom sesongen. F\u00f8rste sesong ...<br \/><div class=\"pt-cv-rmwrap\"><a href=\"https:\/\/sportogspill.online\/nfm\/serieoppsett-klart\/\" class=\"_self pt-cv-readmore btn btn-success\" target=\"_self\">Les Mer\u2026<\/a><\/div><\/div><\/div><\/div>\n<div class=\"col-md-12 col-sm-12 col-xs-12 pt-cv-content-item pt-cv-2-col\" ><div class='pt-cv-ifield'><a href=\"https:\/\/sportogspill.online\/nfm\/fri-transfer-lagt-ut\/\" class=\"_self pt-cv-href-thumbnail pt-cv-thumb-left\" target=\"_self\" ><img loading=\"lazy\" decoding=\"async\" width=\"300\" height=\"82\" src=\"https:\/\/sportogspill.online\/nfm\/wp-content\/uploads\/2024\/11\/Skjermbilde-3-300x82.png\" class=\"pt-cv-thumbnail pull-left\" alt=\"\" srcset=\"https:\/\/sportogspill.online\/nfm\/wp-content\/uploads\/2024\/11\/Skjermbilde-3-300x82.png 300w, https:\/\/sportogspill.online\/nfm\/wp-content\/uploads\/2024\/11\/Skjermbilde-3-768x210.png 768w, https:\/\/sportogspill.online\/nfm\/wp-content\/uploads\/2024\/11\/Skjermbilde-3.png 1011w\" sizes=\"auto, (max-width: 300px) 100vw, 300px\" \/><\/a>\n<h4 class=\"pt-cv-title\"><a href=\"https:\/\/sportogspill.online\/nfm\/fri-transfer-lagt-ut\/\" class=\"_self\" target=\"_self\" >&laquo;Fri Transfer&raquo; lagt ut<\/a><\/h4>\n<div class=\"pt-cv-content\">Lyst til \u00e5 v\u00e6re med \u00e5 spille Bygdeligaen, men ikke har noe lag for \u00f8yeblikket? N\u00e5 har du muligheten til ...<br \/><div class=\"pt-cv-rmwrap\"><a href=\"https:\/\/sportogspill.online\/nfm\/fri-transfer-lagt-ut\/\" class=\"_self pt-cv-readmore btn btn-success\" target=\"_self\">Les Mer\u2026<\/a><\/div><\/div><\/div><\/div>\n<div class=\"col-md-12 col-sm-12 col-xs-12 pt-cv-content-item pt-cv-2-col\" ><div class='pt-cv-ifield'><a href=\"https:\/\/sportogspill.online\/nfm\/pamelding-apnet\/\" class=\"_self pt-cv-href-thumbnail pt-cv-thumb-left\" target=\"_self\" ><img loading=\"lazy\" decoding=\"async\" width=\"300\" height=\"118\" src=\"https:\/\/sportogspill.online\/nfm\/wp-content\/uploads\/2024\/11\/Skjermbilde-2-300x118.png\" class=\"pt-cv-thumbnail pull-left\" alt=\"\" srcset=\"https:\/\/sportogspill.online\/nfm\/wp-content\/uploads\/2024\/11\/Skjermbilde-2-300x118.png 300w, https:\/\/sportogspill.online\/nfm\/wp-content\/uploads\/2024\/11\/Skjermbilde-2-768x303.png 768w, https:\/\/sportogspill.online\/nfm\/wp-content\/uploads\/2024\/11\/Skjermbilde-2.png 877w\" sizes=\"auto, (max-width: 300px) 100vw, 300px\" \/><\/a>\n<h4 class=\"pt-cv-title\"><a href=\"https:\/\/sportogspill.online\/nfm\/pamelding-apnet\/\" class=\"_self\" target=\"_self\" >P\u00e5melding \u00e5pnet<\/a><\/h4>\n<div class=\"pt-cv-content\">S\u00e5 er endelig p\u00e5melding til Bygdeligaen \u00e5pnet. Her er det tre muligheter n\u00e5r dere klikker dere inn p\u00e5 p\u00e5melding. Dere ...<br \/><div class=\"pt-cv-rmwrap\"><a href=\"https:\/\/sportogspill.online\/nfm\/pamelding-apnet\/\" class=\"_self pt-cv-readmore btn btn-success\" target=\"_self\">Les Mer\u2026<\/a><\/div><\/div><\/div><\/div>\n<div class=\"col-md-12 col-sm-12 col-xs-12 pt-cv-content-item pt-cv-2-col\" ><div class='pt-cv-ifield'><a href=\"https:\/\/sportogspill.online\/nfm\/regelverk-lagt-ut\/\" class=\"_self pt-cv-href-thumbnail pt-cv-thumb-left\" target=\"_self\" ><img loading=\"lazy\" decoding=\"async\" width=\"300\" height=\"146\" src=\"https:\/\/sportogspill.online\/nfm\/wp-content\/uploads\/2024\/11\/Skjermbilde-1-300x146.png\" class=\"pt-cv-thumbnail pull-left\" alt=\"\" srcset=\"https:\/\/sportogspill.online\/nfm\/wp-content\/uploads\/2024\/11\/Skjermbilde-1-300x146.png 300w, https:\/\/sportogspill.online\/nfm\/wp-content\/uploads\/2024\/11\/Skjermbilde-1-768x375.png 768w, https:\/\/sportogspill.online\/nfm\/wp-content\/uploads\/2024\/11\/Skjermbilde-1.png 770w\" sizes=\"auto, (max-width: 300px) 100vw, 300px\" \/><\/a>\n<h4 class=\"pt-cv-title\"><a href=\"https:\/\/sportogspill.online\/nfm\/regelverk-lagt-ut\/\" class=\"_self\" target=\"_self\" >Regelverk lagt ut<\/a><\/h4>\n<div class=\"pt-cv-content\">Da er reglene for Bygdeligaen lagt ut. Vi har valgt \u00e5 gj\u00f8re reglene s\u00e5 enkle som mulig, og alt av ...<br \/><div class=\"pt-cv-rmwrap\"><a href=\"https:\/\/sportogspill.online\/nfm\/regelverk-lagt-ut\/\" class=\"_self pt-cv-readmore btn btn-success\" target=\"_self\">Les Mer\u2026<\/a><\/div><\/div><\/div><\/div>\n<div class=\"col-md-12 col-sm-12 col-xs-12 pt-cv-content-item pt-cv-2-col\" ><div class='pt-cv-ifield'><a href=\"https:\/\/sportogspill.online\/nfm\/forberedelser-i-gang\/\" class=\"_self pt-cv-href-thumbnail pt-cv-thumb-left\" target=\"_self\" ><img loading=\"lazy\" decoding=\"async\" width=\"300\" height=\"149\" src=\"https:\/\/sportogspill.online\/nfm\/wp-content\/uploads\/2024\/11\/regelverk-illustrasjon-300x149.jpg\" class=\"pt-cv-thumbnail pull-left\" alt=\"\" srcset=\"https:\/\/sportogspill.online\/nfm\/wp-content\/uploads\/2024\/11\/regelverk-illustrasjon-300x149.jpg 300w, https:\/\/sportogspill.online\/nfm\/wp-content\/uploads\/2024\/11\/regelverk-illustrasjon-768x381.jpg 768w, https:\/\/sportogspill.online\/nfm\/wp-content\/uploads\/2024\/11\/regelverk-illustrasjon.jpg 918w\" sizes=\"auto, (max-width: 300px) 100vw, 300px\" \/><\/a>\n<h4 class=\"pt-cv-title\"><a href=\"https:\/\/sportogspill.online\/nfm\/forberedelser-i-gang\/\" class=\"_self\" target=\"_self\" >Forberedelser i gang<\/a><\/h4>\n<div class=\"pt-cv-content\">Det jobbes iherdig med \u00e5 f\u00e5 ting p\u00e5 plass med tanke p\u00e5 Bygdeligaen, og f\u00f8rste som vil bli offentliggjort er ...<br \/><div class=\"pt-cv-rmwrap\"><a href=\"https:\/\/sportogspill.online\/nfm\/forberedelser-i-gang\/\" class=\"_self pt-cv-readmore btn btn-success\" target=\"_self\">Les Mer\u2026<\/a><\/div><\/div><\/div><\/div><\/div><\/div><\/div>\n","protected":false},"excerpt":{"rendered":"","protected":false},"author":1,"featured_media":0,"parent":0,"menu_order":0,"comment_status":"closed","ping_status":"closed","template":"template-homepage.php","meta":{"footnotes":""},"class_list":["post-3733","page","type-page","status-publish","hentry"],"_links":{"self":[{"href":"https:\/\/sportogspill.online\/nfm\/wp-json\/wp\/v2\/pages\/3733","targetHints":{"allow":["GET"]}}],"collection":[{"href":"https:\/\/sportogspill.online\/nfm\/wp-json\/wp\/v2\/pages"}],"about":[{"href":"https:\/\/sportogspill.online\/nfm\/wp-json\/wp\/v2\/types\/page"}],"author":[{"embeddable":true,"href":"https:\/\/sportogspill.online\/nfm\/wp-json\/wp\/v2\/users\/1"}],"replies":[{"embeddable":true,"href":"https:\/\/sportogspill.online\/nfm\/wp-json\/wp\/v2\/comments?post=3733"}],"version-history":[{"count":0,"href":"https:\/\/sportogspill.online\/nfm\/wp-json\/wp\/v2\/pages\/3733\/revisions"}],"wp:attachment":[{"href":"https:\/\/sportogspill.online\/nfm\/wp-json\/wp\/v2\/media?parent=3733"}],"curies":[{"name":"wp","href":"https:\/\/api.w.org\/{rel}","templated":true}]}}